{"id":52,"date":"2024-07-12T12:02:54","date_gmt":"2024-07-12T05:02:54","guid":{"rendered":"https:\/\/jobbank.com.vn\/?page_id=52"},"modified":"2024-08-16T12:08:31","modified_gmt":"2024-08-16T05:08:31","slug":"lien-he","status":"publish","type":"page","link":"https:\/\/jobbank.com.vn\/en\/lien-he\/","title":{"rendered":"Contact info"},"content":{"rendered":"<section class=\"section\" id=\"section_1616183219\">\n\t\t<div class=\"section-bg fill\" >\n\t\t\t<img loading=\"lazy\" decoding=\"async\" width=\"1280\" height=\"722\" src=\"https:\/\/jobbank.com.vn\/wp-content\/uploads\/2024\/07\/gioi-thieu-2.png\" class=\"bg attachment-original size-original\" alt=\"\" \/>\t\t\t\t\t\t\n\t\t\t\n\n\t\t<\/div>\n\n\t\t\n\n\t\t<div class=\"section-content relative\">\n\t\t\t\n\n<div class=\"row\"  id=\"row-699067030\">\n\n\n\t<div id=\"col-1659556705\" class=\"col small-10 large-12\"  data-animate=\"fadeInUp\">\n\t\t\t\t<div class=\"col-inner\"  >\n\t\t\t\n\t\t\t\n\n\t<div id=\"text-3050076629\" class=\"text\">\n\t\t\n\n<h2 style=\"text-align: left;\"><strong>CONTACT INFO<\/strong><\/h2>\n\t\t\n<style>\n#text-3050076629 {\n  font-size: 2.5rem;\n  color: rgb(0, 0, 0);\n}\n#text-3050076629 > * {\n  color: rgb(0, 0, 0);\n}\n@media (min-width:550px) {\n  #text-3050076629 {\n    font-size: 1.95rem;\n  }\n}\n<\/style>\n\t<\/div>\n\t\n\n\t\t<\/div>\n\t\t\t\t\n<style>\n#col-1659556705 > .col-inner {\n  padding: 50px 0px 0px 0px;\n}\n@media (min-width:850px) {\n  #col-1659556705 > .col-inner {\n    padding: 0px 0px 30px 0px;\n  }\n}\n<\/style>\n\t<\/div>\n\n\t\n\n<\/div>\n\n\t\t<\/div>\n\n\t\t\n<style>\n#section_1616183219 {\n  padding-top: 30px;\n  padding-bottom: 30px;\n  min-height: 450px;\n}\n#section_1616183219 .section-bg img {\n  object-position: 10% 90%;\n}\n@media (min-width:850px) {\n  #section_1616183219 {\n    min-height: 550px;\n  }\n}\n<\/style>\n\t<\/section>\n\t\n<div class=\"row\"  id=\"row-1680267142\">\n\n\n\t<div id=\"col-1812914232\" class=\"col small-12 large-12\"  >\n\t\t\t\t<div class=\"col-inner\"  >\n\t\t\t\n\t\t\t\n\n<div class=\"row row-large\" style=\"max-width:1400px\" id=\"row-363183128\">\n\n\n\t<div id=\"col-1113894608\" class=\"col small-12 large-12\"  >\n\t\t\t\t<div class=\"col-inner\" style=\"background-color:rgb(255, 255, 255);\" >\n\t\t\t\n\t\t\t\n\n<div class=\"row row-collapse row-full-width\"  id=\"row-1422481863\">\n\n\n\t<div id=\"col-1006037227\" class=\"col medium-12 small-12 large-6\"  >\n\t\t\t\t<div class=\"col-inner\"  >\n\t\t\t\n\t\t\t\n\n<h2><span style=\"font-size: 120%;\">CONTACT INFO<\/span><\/h2>\n\t<div id=\"gap-1072167550\" class=\"gap-element clearfix\" style=\"display:block; height:auto;\">\n\t\t\n<style>\n#gap-1072167550 {\n  padding-top: 20px;\n}\n@media (min-width:550px) {\n  #gap-1072167550 {\n    padding-top: 20px;\n  }\n}\n@media (min-width:850px) {\n  #gap-1072167550 {\n    padding-top: 30px;\n  }\n}\n<\/style>\n\t<\/div>\n\t\n\n<div class=\"row\"  id=\"row-1753085695\">\n\n\n\t<div id=\"col-1220750175\" class=\"col medium-6 small-12 large-6\"  >\n\t\t\t\t<div class=\"col-inner\"  >\n\t\t\t\n\t\t\t\n\n\t<div class=\"img has-hover x md-x lg-x y md-y lg-y\" id=\"image_852333894\">\n\t\t\t\t\t\t\t\t<div class=\"img-inner dark\" >\n\t\t\t<img loading=\"lazy\" decoding=\"async\" width=\"240\" height=\"240\" src=\"https:\/\/jobbank.com.vn\/wp-content\/uploads\/2024\/07\/map-pin-2-fill-2.png\" class=\"attachment-large size-large\" alt=\"\" srcset=\"https:\/\/jobbank.com.vn\/wp-content\/uploads\/2024\/07\/map-pin-2-fill-2.png 240w, https:\/\/jobbank.com.vn\/wp-content\/uploads\/2024\/07\/map-pin-2-fill-2-150x150.png 150w, https:\/\/jobbank.com.vn\/wp-content\/uploads\/2024\/07\/map-pin-2-fill-2-12x12.png 12w\" sizes=\"auto, (max-width: 240px) 100vw, 240px\" \/>\t\t\t\t\t\t\n\t\t\t\t\t<\/div>\n\t\t\t\t\t\t\t\t\n<style>\n#image_852333894 {\n  width: 15%;\n}\n@media (min-width:550px) {\n  #image_852333894 {\n    width: 20%;\n  }\n}\n<\/style>\n\t<\/div>\n\t\n\n<h3 class=\"uppercase\">Address<\/h3>\n<p>15th Floor, IC Building, No. 82 Duy Tan, Dich Vong Hau, Cau Giay<\/p>\n\n\t\t<\/div>\n\t\t\t\t\t<\/div>\n\n\t\n\n\t<div id=\"col-799062695\" class=\"col medium-5 small-12 large-6\"  >\n\t\t\t\t<div class=\"col-inner\"  >\n\t\t\t\n\t\t\t\n\n\t<div class=\"img has-hover x md-x lg-x y md-y lg-y\" id=\"image_649782307\">\n\t\t\t\t\t\t\t\t<div class=\"img-inner dark\" >\n\t\t\t<img loading=\"lazy\" decoding=\"async\" width=\"240\" height=\"240\" src=\"https:\/\/jobbank.com.vn\/wp-content\/uploads\/2024\/07\/time-fill.png\" class=\"attachment-large size-large\" alt=\"\" srcset=\"https:\/\/jobbank.com.vn\/wp-content\/uploads\/2024\/07\/time-fill.png 240w, https:\/\/jobbank.com.vn\/wp-content\/uploads\/2024\/07\/time-fill-150x150.png 150w, https:\/\/jobbank.com.vn\/wp-content\/uploads\/2024\/07\/time-fill-12x12.png 12w\" sizes=\"auto, (max-width: 240px) 100vw, 240px\" \/>\t\t\t\t\t\t\n\t\t\t\t\t<\/div>\n\t\t\t\t\t\t\t\t\n<style>\n#image_649782307 {\n  width: 15%;\n}\n@media (min-width:550px) {\n  #image_649782307 {\n    width: 20%;\n  }\n}\n<\/style>\n\t<\/div>\n\t\n\n<h3 class=\"uppercase\">Working time<\/h3>\n<p>Monday to Friday: 10am - 6pm<br \/>Saturday: 8am - 6pm<br \/>Sunday: 9am - 5pm<\/p>\n\n\t\t<\/div>\n\t\t\t\t\t<\/div>\n\n\t\n\n<\/div>\n<div class=\"row\"  id=\"row-1452043066\">\n\n\n\t<div id=\"col-729482203\" class=\"col medium-6 small-12 large-6\"  >\n\t\t\t\t<div class=\"col-inner\"  >\n\t\t\t\n\t\t\t\n\n\t<div class=\"img has-hover x md-x lg-x y md-y lg-y\" id=\"image_1110129247\">\n\t\t\t\t\t\t\t\t<div class=\"img-inner dark\" >\n\t\t\t<img loading=\"lazy\" decoding=\"async\" width=\"240\" height=\"240\" src=\"https:\/\/jobbank.com.vn\/wp-content\/uploads\/2024\/07\/mail-open-fill.png\" class=\"attachment-large size-large\" alt=\"\" srcset=\"https:\/\/jobbank.com.vn\/wp-content\/uploads\/2024\/07\/mail-open-fill.png 240w, https:\/\/jobbank.com.vn\/wp-content\/uploads\/2024\/07\/mail-open-fill-150x150.png 150w, https:\/\/jobbank.com.vn\/wp-content\/uploads\/2024\/07\/mail-open-fill-12x12.png 12w\" sizes=\"auto, (max-width: 240px) 100vw, 240px\" \/>\t\t\t\t\t\t\n\t\t\t\t\t<\/div>\n\t\t\t\t\t\t\t\t\n<style>\n#image_1110129247 {\n  width: 15%;\n}\n@media (min-width:550px) {\n  #image_1110129247 {\n    width: 20%;\n  }\n}\n<\/style>\n\t<\/div>\n\t\n\n<h3 class=\"uppercase\">E-mail<\/h3>\n<p>info@jobbank.com.vn<\/p>\n\n\t\t<\/div>\n\t\t\t\t\t<\/div>\n\n\t\n\n\t<div id=\"col-1975435880\" class=\"col medium-6 small-12 large-6\"  >\n\t\t\t\t<div class=\"col-inner\"  >\n\t\t\t\n\t\t\t\n\n\t<div class=\"img has-hover x md-x lg-x y md-y lg-y\" id=\"image_493186991\">\n\t\t\t\t\t\t\t\t<div class=\"img-inner dark\" >\n\t\t\t<img loading=\"lazy\" decoding=\"async\" width=\"240\" height=\"240\" src=\"https:\/\/jobbank.com.vn\/wp-content\/uploads\/2024\/07\/phone-fill.png\" class=\"attachment-large size-large\" alt=\"\" srcset=\"https:\/\/jobbank.com.vn\/wp-content\/uploads\/2024\/07\/phone-fill.png 240w, https:\/\/jobbank.com.vn\/wp-content\/uploads\/2024\/07\/phone-fill-150x150.png 150w, https:\/\/jobbank.com.vn\/wp-content\/uploads\/2024\/07\/phone-fill-12x12.png 12w\" sizes=\"auto, (max-width: 240px) 100vw, 240px\" \/>\t\t\t\t\t\t\n\t\t\t\t\t<\/div>\n\t\t\t\t\t\t\t\t\n<style>\n#image_493186991 {\n  width: 15%;\n}\n@media (min-width:550px) {\n  #image_493186991 {\n    width: 20%;\n  }\n}\n<\/style>\n\t<\/div>\n\t\n\n<h3 class=\"uppercase\">Tel<\/h3>\n<p>(+84)  0246282.6886<br \/>\n(+84)\u00a0 0333.872.111<\/p>\n\n\t\t<\/div>\n\t\t\t\t\t<\/div>\n\n\t\n\n<\/div>\n\n\t\t<\/div>\n\t\t\t\t\n<style>\n#col-1006037227 > .col-inner {\n  padding: 0px 0px 0px 20px;\n}\n<\/style>\n\t<\/div>\n\n\t\n\n\t<div id=\"col-201824886\" class=\"col medium-12 small-12 large-6\"  >\n\t\t\t\t<div class=\"col-inner\"  >\n\t\t\t\n\t\t\t\n\n<h2><span style=\"font-size: 120%;\">Contact us<\/span><\/h2>\n\t<div id=\"gap-427129281\" class=\"gap-element clearfix\" style=\"display:block; height:auto;\">\n\t\t\n<style>\n#gap-427129281 {\n  padding-top: 20px;\n}\n@media (min-width:550px) {\n  #gap-427129281 {\n    padding-top: 20px;\n  }\n}\n@media (min-width:850px) {\n  #gap-427129281 {\n    padding-top: 30px;\n  }\n}\n<\/style>\n\t<\/div>\n\t\n\n\n\n<div id=\"customFormContainer\" style=\"max-width: 100%; box-sizing: border-box;\">\n    <div class=\"form-container\" style=\"border: 1px solid #032554; padding: 20px; margin: 0 auto; border-radius: 10px; box-sizing: border-box;\">\n        <form id=\"myForm\">\n            <input type=\"text\" name=\"name\" id=\"name\" placeholder=\"H\u1ecd v\u00e0 t\u00ean\" required style=\"width: 100%; padding: 10px; margin-bottom: 10px; border: 1px solid #032554; border-radius: 5px; box-sizing: border-box; color: #032554;\">\n            \n            <input type=\"email\" name=\"email\" id=\"email\" placeholder=\"Email\" required style=\"width: 100%; padding: 10px; margin-bottom: 10px; border: 1px solid #032554; border-radius: 5px; box-sizing: border-box; color: #032554;\">\n            \n            <input type=\"text\" name=\"phone\" id=\"phone\" placeholder=\"S\u1ed1 \u0111i\u1ec7n tho\u1ea1i\" required style=\"width: 100%; padding: 10px; margin-bottom: 10px; border: 1px solid #032554; border-radius: 5px; box-sizing: border-box; color: #032554;\">\n            \n            <textarea name=\"content\" id=\"content\" placeholder=\"N\u1ed9i dung trao \u0111\u1ed5i\" required style=\"width: 100%; padding: 10px; margin-bottom: 10px; border: 1px solid #032554; border-radius: 5px; box-sizing: border-box; color: #032554; height: 100px;\"><\/textarea>\n            \n            <div class=\"button-container\" style=\"text-align: center; margin-top: 20px;\">\n                <input type=\"button\" value=\"G\u1eedi\" onclick=\"submitForm()\" style=\"color: white; background-color: #032554; border: none; padding: 10px 40px; border-radius: 25px; cursor: pointer;\">\n            <\/div>\n        <input type=\"hidden\" name=\"trp-form-language\" value=\"en\"\/><\/form>\n        <div id=\"output\" class=\"message\" style=\"text-align: center; font-size: 24px; color: #032554; display: none;\"><\/div>\n    <\/div>\n<\/div>\n<script>\n    function submitForm() {\n        var formData = {\n            name: document.getElementById('name').value,\n            email: document.getElementById('email').value,\n            phone: document.getElementById('phone').value,\n            content: document.getElementById('content').value \/\/ Truy\u1ec1n n\u1ed9i dung d\u01b0\u1edbi d\u1ea1ng chu\u1ed7i\n        };\n        \n        \/\/ Ki\u1ec3m tra c\u00e1c gi\u00e1 tr\u1ecb tr\u01b0\u1edbc khi g\u1eedi\n        console.log(formData);\n\n        fetch('https:\/\/script.google.com\/macros\/s\/AKfycbxQlZfi5MpP_a3WqyB2srPl8vvc7nciThL9umo9zA_o2GtBqS8sLkV1igYbE54pT1rq\/exec', { \n            method: 'POST',\n            headers: {\n                'Content-Type': 'application\/x-www-form-urlencoded'\n            },\n            body: new URLSearchParams(formData).toString()\n        })\n        .then(response => response.text())\n        .then(data => {\n            document.getElementById('output').innerText = 'C\u1ea3m \u01a1n b\u1ea1n \u0111\u00e3 li\u00ean h\u1ec7!nNh\u00e2n vi\u00ean c\u1ee7a ch\u00fang t\u00f4i s\u1ebd ph\u1ea3n h\u1ed3i cho b\u1ea1n s\u1edbm.';\n            document.getElementById('output').style.display = 'block';\n            document.getElementById('myForm').style.display = 'none';\n        })\n        .catch(error => {\n            document.getElementById('output').innerText = 'Error: ' + error.message;\n            document.getElementById('output').style.display = 'block';\n        });\n    }\n<\/script>\n\n\n\t\t<\/div>\n\t\t\t\t\t<\/div>\n\n\t\n\n\n<style>\n#row-1422481863 > .col > .col-inner {\n  padding: 0px 15px 0px 15px;\n}\n<\/style>\n<\/div>\n\n\t\t<\/div>\n\t\t\t\t\n<style>\n#col-1113894608 > .col-inner {\n  padding: 50px 20px 0px 20px;\n  margin: -0 0px 0px 0px;\n}\n@media (min-width:550px) {\n  #col-1113894608 > .col-inner {\n    padding: 50px 20px 30px 20px;\n    margin: 0 0px 0px 0px;\n  }\n}\n@media (min-width:850px) {\n  #col-1113894608 > .col-inner {\n    padding: 66px 5% 16px 5%;\n    margin: -135px 0px 0px 0px;\n  }\n}\n<\/style>\n\t<\/div>\n\n\t\n\n<\/div>\n<div class=\"row row-collapse row-full-width\"  id=\"row-1447862269\">\n\n\n\t<div id=\"col-3080537\" class=\"col small-12 large-12\"  >\n\t\t\t\t<div class=\"col-inner\"  >\n\t\t\t\n\t\t\t\n\n\n\n<iframe src=\"https:\/\/www.google.com\/maps\/embed?pb=!1m18!1m12!1m3!1d3724.0318446836995!2d105.78008867503151!3d21.031411780618626!2m3!1f0!2f0!3f0!3m2!1i1024!2i768!4f13.1!3m3!1m2!1s0x3135ab08d8a52fbf%3A0xd2ad121d05f63800!2sC%C3%B4ng%20ty%20HR%20VJC!5e0!3m2!1svi!2s!4v1721457899176!5m2!1svi!2s\" width=\"100%\" height=\"600\" style=\"border:0;\" allowfullscreen=\"\" loading=\"lazy\" referrerpolicy=\"no-referrer-when-downgrade\"><\/iframe>\n\n\n\t\t<\/div>\n\t\t\t\t\n<style>\n#col-3080537 > .col-inner {\n  padding: 0px 30px 0px 30px;\n}\n<\/style>\n\t<\/div>\n\n\t\n\n<\/div>\n\n\t\t<\/div>\n\t\t\t\t\t<\/div>\n\n\t\n\n<\/div>","protected":false},"excerpt":{"rendered":"","protected":false},"author":2,"featured_media":0,"parent":0,"menu_order":0,"comment_status":"closed","ping_status":"closed","template":"","meta":{"footnotes":""},"class_list":["post-52","page","type-page","status-publish","hentry"],"_links":{"self":[{"href":"https:\/\/jobbank.com.vn\/en\/wp-json\/wp\/v2\/pages\/52","targetHints":{"allow":["GET"]}}],"collection":[{"href":"https:\/\/jobbank.com.vn\/en\/wp-json\/wp\/v2\/pages"}],"about":[{"href":"https:\/\/jobbank.com.vn\/en\/wp-json\/wp\/v2\/types\/page"}],"author":[{"embeddable":true,"href":"https:\/\/jobbank.com.vn\/en\/wp-json\/wp\/v2\/users\/2"}],"replies":[{"embeddable":true,"href":"https:\/\/jobbank.com.vn\/en\/wp-json\/wp\/v2\/comments?post=52"}],"version-history":[{"count":30,"href":"https:\/\/jobbank.com.vn\/en\/wp-json\/wp\/v2\/pages\/52\/revisions"}],"predecessor-version":[{"id":965,"href":"https:\/\/jobbank.com.vn\/en\/wp-json\/wp\/v2\/pages\/52\/revisions\/965"}],"wp:attachment":[{"href":"https:\/\/jobbank.com.vn\/en\/wp-json\/wp\/v2\/media?parent=52"}],"curies":[{"name":"wp","href":"https:\/\/api.w.org\/{rel}","templated":true}]}}